{"id":401,"date":"2021-11-01T11:30:50","date_gmt":"2021-11-01T11:30:50","guid":{"rendered":"https:\/\/demo.athemes.com\/sydney-main\/?page_id=401"},"modified":"2023-10-08T14:38:24","modified_gmt":"2023-10-08T12:38:24","slug":"about","status":"publish","type":"page","link":"https:\/\/advastratech.pl\/index.php\/about\/","title":{"rendered":"O mnie"},"content":{"rendered":"\t\t<div data-elementor-type=\"wp-page\" data-elementor-id=\"401\" class=\"elementor elementor-401\">\n\t\t\t\t\t\t<section class=\"elementor-section elementor-top-section elementor-element elementor-element-eedafb9 elementor-section-content-middle elementor-section-boxed elementor-section-height-default elementor-section-height-default\" data-id=\"eedafb9\" data-element_type=\"section\">\n\t\t\t\t\t\t<div class=\"elementor-container elementor-column-gap-default\">\n\t\t\t\t\t<div class=\"elementor-column elementor-col-50 elementor-top-column elementor-element elementor-element-571508b\" data-id=\"571508b\" data-element_type=\"column\">\n\t\t\t<div class=\"elementor-widget-wrap elementor-element-populated\">\n\t\t\t\t\t\t<div class=\"elementor-element elementor-element-fb80230 elementor-widget elementor-widget-heading\" data-id=\"fb80230\" data-element_type=\"widget\" data-widget_type=\"heading.default\">\n\t\t\t\t<div class=\"elementor-widget-container\">\n\t\t\t\t\t<h6 class=\"elementor-heading-title elementor-size-default\">O mnie<\/h6>\t\t\t\t<\/div>\n\t\t\t\t<\/div>\n\t\t\t\t<div class=\"elementor-element elementor-element-2fc2cb6 elementor-widget elementor-widget-heading\" data-id=\"2fc2cb6\" data-element_type=\"widget\" data-widget_type=\"heading.default\">\n\t\t\t\t<div class=\"elementor-widget-container\">\n\t\t\t\t\t<h2 class=\"elementor-heading-title elementor-size-default\">Poznajmy si\u0119 \ud83d\ude09<\/h2>\t\t\t\t<\/div>\n\t\t\t\t<\/div>\n\t\t\t\t<div class=\"elementor-element elementor-element-1cf0f1c elementor-widget__width-initial elementor-widget elementor-widget-text-editor\" data-id=\"1cf0f1c\" data-element_type=\"widget\" data-widget_type=\"text-editor.default\">\n\t\t\t\t<div class=\"elementor-widget-container\">\n\t\t\t\t\t\t\t\t\t<p>Nazywam si\u0119 Krzysztof Nowakowski.<\/p><p>Jestem menad\u017cerem z wieloletnim do\u015bwiadczeniem w zarz\u0105dzaniu biznesem w sektorze edukacji oraz wdra\u017caniu system\u00f3w informatycznych. Ekspertem w zakresie rozwoju biznes\u00f3w, edukacji i rozwoju osobistego, sztucznej inteligencji, algorytm\u00f3w i struktur danych oraz wytwarzania system\u00f3w i aplikacji. Odpowiedzialny za zbudowanie marki edukacyjnej i wykreowanie pozycji lidera na rynku kszta\u0142cenia praktycznego w sektorze niepublicznym. Wsp\u00f3\u0142tw\u00f3rc\u0105 unikatowych kierunk\u00f3w kszta\u0142cenia takich jak Game Development. G\u0142\u00f3wne obszary moich kompetencji to:<\/p><p><!-- [if !supportLists]--><span style=\"font-size: 11.0pt; mso-bidi-font-size: 10.0pt; font-family: 'Wingdings 2'; mso-fareast-font-family: 'Wingdings 2'; mso-bidi-font-family: 'Wingdings 2'; color: black;\">\u0096<span style=\"font-variant-numeric: normal; font-variant-east-asian: normal; font-variant-alternates: normal; font-kerning: auto; font-optical-sizing: auto; font-feature-settings: normal; font-variation-settings: normal; font-variant-position: normal; font-stretch: normal; font-size: 7pt; line-height: normal; font-family: 'Times New Roman';\">\u00a0 <\/span><\/span><!--[endif]-->Budowanie i realizacja strategii rozwoju organizacji,<\/p><p><!-- [if !supportLists]--><span style=\"font-size: 11.0pt; mso-bidi-font-size: 10.0pt; font-family: 'Wingdings 2'; mso-fareast-font-family: 'Wingdings 2'; mso-bidi-font-family: 'Wingdings 2'; color: black;\">\u0096<span style=\"font-variant-numeric: normal; font-variant-east-asian: normal; font-variant-alternates: normal; font-kerning: auto; font-optical-sizing: auto; font-feature-settings: normal; font-variation-settings: normal; font-variant-position: normal; font-stretch: normal; font-size: 7pt; line-height: normal; font-family: 'Times New Roman';\">\u00a0 <\/span><\/span><!--[endif]-->Wdra\u017canie efektywnych proces\u00f3w biznesowych,<\/p><p><!-- [if !supportLists]--><span style=\"font-size: 11.0pt; mso-bidi-font-size: 10.0pt; font-family: 'Wingdings 2'; mso-fareast-font-family: 'Wingdings 2'; mso-bidi-font-family: 'Wingdings 2'; color: black;\">\u0096<span style=\"font-variant-numeric: normal; font-variant-east-asian: normal; font-variant-alternates: normal; font-kerning: auto; font-optical-sizing: auto; font-feature-settings: normal; font-variation-settings: normal; font-variant-position: normal; font-stretch: normal; font-size: 7pt; line-height: normal; font-family: 'Times New Roman';\">\u00a0 <\/span><\/span><!--[endif]-->Zarz\u0105dzanie zasobami ludzkimi,<\/p><p><!-- [if !supportLists]--><span style=\"font-size: 11.0pt; mso-bidi-font-size: 10.0pt; font-family: 'Wingdings 2'; mso-fareast-font-family: 'Wingdings 2'; mso-bidi-font-family: 'Wingdings 2'; color: black;\">\u0096<span style=\"font-variant-numeric: normal; font-variant-east-asian: normal; font-variant-alternates: normal; font-kerning: auto; font-optical-sizing: auto; font-feature-settings: normal; font-variation-settings: normal; font-variant-position: normal; font-stretch: normal; font-size: 7pt; line-height: normal; font-family: 'Times New Roman';\">\u00a0 <\/span><\/span><!--[endif]-->Zarz\u0105dzanie projektami,\u00a0<\/p><p><!-- [if !supportLists]--><span style=\"font-size: 11.0pt; mso-bidi-font-size: 10.0pt; font-family: 'Wingdings 2'; mso-fareast-font-family: 'Wingdings 2'; mso-bidi-font-family: 'Wingdings 2'; color: black;\">\u0096<span style=\"font-variant-numeric: normal; font-variant-east-asian: normal; font-variant-alternates: normal; font-kerning: auto; font-optical-sizing: auto; font-feature-settings: normal; font-variation-settings: normal; font-variant-position: normal; font-stretch: normal; font-size: 7pt; line-height: normal; font-family: 'Times New Roman';\">\u00a0 <\/span><\/span><!--[endif]-->Wdra\u017canie nowych technologii i narz\u0105dzi wspieraj\u0105cych rozw\u00f3j biznesu.<\/p><p>Z wykszta\u0142cenia jestem informatykiem. Swoj\u0105 prac\u0119 doktorsk\u0105 po\u015bwi\u0119ci\u0142em praktycznym aspektom wdra\u017cania sztucznej inteligencji. Przez wiele lat by\u0142em wyk\u0142adowc\u0105 akademickim na pozna\u0144skich uczelniach, promotorem wielu prac doktorskich, magisterskich i in\u017cynierskich. Jestem tak\u017ce autorem i wsp\u00f3\u0142autorem wielu publikacji naukowych.\u00a0\u00a0<\/p>\t\t\t\t\t\t\t\t<\/div>\n\t\t\t\t<\/div>\n\t\t\t\t\t<\/div>\n\t\t<\/div>\n\t\t\t\t<div class=\"elementor-column elementor-col-50 elementor-top-column elementor-element elementor-element-bc4d4c0\" data-id=\"bc4d4c0\" data-element_type=\"column\">\n\t\t\t<div class=\"elementor-widget-wrap elementor-element-populated\">\n\t\t\t\t\t\t<div class=\"elementor-element elementor-element-48dd569 elementor-widget elementor-widget-image\" data-id=\"48dd569\" data-element_type=\"widget\" data-widget_type=\"image.default\">\n\t\t\t\t<div class=\"elementor-widget-container\">\n\t\t\t\t\t\t\t\t\t\t\t\t\t\t\t<img fetchpriority=\"high\" decoding=\"async\" width=\"683\" height=\"1024\" src=\"https:\/\/advastratech.pl\/wp-content\/uploads\/2023\/10\/kn1-683x1024.png\" class=\"attachment-large size-large wp-image-797\" alt=\"\" srcset=\"https:\/\/advastratech.pl\/wp-content\/uploads\/2023\/10\/kn1-683x1024.png 683w, https:\/\/advastratech.pl\/wp-content\/uploads\/2023\/10\/kn1-200x300.png 200w, https:\/\/advastratech.pl\/wp-content\/uploads\/2023\/10\/kn1-768x1152.png 768w, https:\/\/advastratech.pl\/wp-content\/uploads\/2023\/10\/kn1-1024x1536.png 1024w, https:\/\/advastratech.pl\/wp-content\/uploads\/2023\/10\/kn1-1365x2048.png 1365w, https:\/\/advastratech.pl\/wp-content\/uploads\/2023\/10\/kn1-1000x1500.png 1000w, https:\/\/advastratech.pl\/wp-content\/uploads\/2023\/10\/kn1-230x345.png 230w, https:\/\/advastratech.pl\/wp-content\/uploads\/2023\/10\/kn1-350x525.png 350w, https:\/\/advastratech.pl\/wp-content\/uploads\/2023\/10\/kn1-480x720.png 480w\" sizes=\"(max-width: 683px) 100vw, 683px\" \/>\t\t\t\t\t\t\t\t\t\t\t\t\t\t\t<\/div>\n\t\t\t\t<\/div>\n\t\t\t\t\t<\/div>\n\t\t<\/div>\n\t\t\t\t\t<\/div>\n\t\t<\/section>\n\t\t\t\t<section class=\"elementor-section elementor-top-section elementor-element elementor-element-cf5ff21 elementor-section-content-middle elementor-section-boxed elementor-section-height-default elementor-section-height-default\" data-id=\"cf5ff21\" data-element_type=\"section\" data-settings=\"{&quot;background_background&quot;:&quot;classic&quot;}\">\n\t\t\t\t\t\t<div class=\"elementor-container elementor-column-gap-default\">\n\t\t\t\t\t<div class=\"elementor-column elementor-col-50 elementor-top-column elementor-element elementor-element-c35989b\" data-id=\"c35989b\" data-element_type=\"column\">\n\t\t\t<div class=\"elementor-widget-wrap elementor-element-populated\">\n\t\t\t\t\t\t<div class=\"elementor-element elementor-element-33e3b28 elementor-widget elementor-widget-image\" data-id=\"33e3b28\" data-element_type=\"widget\" data-widget_type=\"image.default\">\n\t\t\t\t<div class=\"elementor-widget-container\">\n\t\t\t\t\t\t\t\t\t\t\t\t\t\t\t<img decoding=\"async\" width=\"801\" height=\"1024\" src=\"https:\/\/advastratech.pl\/wp-content\/uploads\/2021\/11\/Rectangle-602-801x1024.jpg\" class=\"attachment-large size-large wp-image-435\" alt=\"\" srcset=\"https:\/\/advastratech.pl\/wp-content\/uploads\/2021\/11\/Rectangle-602-801x1024.jpg 801w, https:\/\/advastratech.pl\/wp-content\/uploads\/2021\/11\/Rectangle-602-235x300.jpg 235w, https:\/\/advastratech.pl\/wp-content\/uploads\/2021\/11\/Rectangle-602-768x981.jpg 768w, https:\/\/advastratech.pl\/wp-content\/uploads\/2021\/11\/Rectangle-602-230x294.jpg 230w, https:\/\/advastratech.pl\/wp-content\/uploads\/2021\/11\/Rectangle-602-350x447.jpg 350w, https:\/\/advastratech.pl\/wp-content\/uploads\/2021\/11\/Rectangle-602-480x613.jpg 480w, https:\/\/advastratech.pl\/wp-content\/uploads\/2021\/11\/Rectangle-602.jpg 810w\" sizes=\"(max-width: 801px) 100vw, 801px\" \/>\t\t\t\t\t\t\t\t\t\t\t\t\t\t\t<\/div>\n\t\t\t\t<\/div>\n\t\t\t\t\t<\/div>\n\t\t<\/div>\n\t\t\t\t<div class=\"elementor-column elementor-col-50 elementor-top-column elementor-element elementor-element-9d8f192\" data-id=\"9d8f192\" data-element_type=\"column\">\n\t\t\t<div class=\"elementor-widget-wrap elementor-element-populated\">\n\t\t\t\t\t\t<div class=\"elementor-element elementor-element-a2ff96d elementor-widget elementor-widget-heading\" data-id=\"a2ff96d\" data-element_type=\"widget\" data-widget_type=\"heading.default\">\n\t\t\t\t<div class=\"elementor-widget-container\">\n\t\t\t\t\t<h2 class=\"elementor-heading-title elementor-size-default\">Jak pracuj\u0119<\/h2>\t\t\t\t<\/div>\n\t\t\t\t<\/div>\n\t\t\t\t<div class=\"elementor-element elementor-element-916967e elementor-widget elementor-widget-heading\" data-id=\"916967e\" data-element_type=\"widget\" data-widget_type=\"heading.default\">\n\t\t\t\t<div class=\"elementor-widget-container\">\n\t\t\t\t\t<h6 class=\"elementor-heading-title elementor-size-default\">01<\/h6>\t\t\t\t<\/div>\n\t\t\t\t<\/div>\n\t\t\t\t<div class=\"elementor-element elementor-element-6811c22 elementor-widget elementor-widget-text-editor\" data-id=\"6811c22\" data-element_type=\"widget\" data-widget_type=\"text-editor.default\">\n\t\t\t\t<div class=\"elementor-widget-container\">\n\t\t\t\t\t\t\t\t\t<p>Staram si\u0119 ka\u017cde wyzwanie opisa\u0107 i prze\u0142o\u017cy\u0107 na projekt lub proces.\u00a0<\/p>\t\t\t\t\t\t\t\t<\/div>\n\t\t\t\t<\/div>\n\t\t\t\t<div class=\"elementor-element elementor-element-219c930 elementor-widget elementor-widget-heading\" data-id=\"219c930\" data-element_type=\"widget\" data-widget_type=\"heading.default\">\n\t\t\t\t<div class=\"elementor-widget-container\">\n\t\t\t\t\t<h6 class=\"elementor-heading-title elementor-size-default\">02<\/h6>\t\t\t\t<\/div>\n\t\t\t\t<\/div>\n\t\t\t\t<div class=\"elementor-element elementor-element-8c0b95d elementor-widget elementor-widget-text-editor\" data-id=\"8c0b95d\" data-element_type=\"widget\" data-widget_type=\"text-editor.default\">\n\t\t\t\t<div class=\"elementor-widget-container\">\n\t\t\t\t\t\t\t\t\t<p>Razem dobieramy potrzebne zasoby<\/p>\t\t\t\t\t\t\t\t<\/div>\n\t\t\t\t<\/div>\n\t\t\t\t<div class=\"elementor-element elementor-element-be0b9c3 elementor-widget elementor-widget-heading\" data-id=\"be0b9c3\" data-element_type=\"widget\" data-widget_type=\"heading.default\">\n\t\t\t\t<div class=\"elementor-widget-container\">\n\t\t\t\t\t<h6 class=\"elementor-heading-title elementor-size-default\">03<\/h6>\t\t\t\t<\/div>\n\t\t\t\t<\/div>\n\t\t\t\t<div class=\"elementor-element elementor-element-7aa6365 elementor-widget elementor-widget-text-editor\" data-id=\"7aa6365\" data-element_type=\"widget\" data-widget_type=\"text-editor.default\">\n\t\t\t\t<div class=\"elementor-widget-container\">\n\t\t\t\t\t\t\t\t\t<p>Efektywna komunikacja na ka\u017cdym etapie naszych prac daje pe\u0142en obraz sytuacji<\/p>\t\t\t\t\t\t\t\t<\/div>\n\t\t\t\t<\/div>\n\t\t\t\t<div class=\"elementor-element elementor-element-ceda06d elementor-widget elementor-widget-heading\" data-id=\"ceda06d\" data-element_type=\"widget\" data-widget_type=\"heading.default\">\n\t\t\t\t<div class=\"elementor-widget-container\">\n\t\t\t\t\t<h6 class=\"elementor-heading-title elementor-size-default\">04<\/h6>\t\t\t\t<\/div>\n\t\t\t\t<\/div>\n\t\t\t\t<div class=\"elementor-element elementor-element-12682d1 elementor-widget elementor-widget-text-editor\" data-id=\"12682d1\" data-element_type=\"widget\" data-widget_type=\"text-editor.default\">\n\t\t\t\t<div class=\"elementor-widget-container\">\n\t\t\t\t\t\t\t\t\t<p>Ka\u017cdy projekt si\u0119 kiedy\u015b ko\u0144czy. Wa\u017cne jest rzetelne podsumowanie.<\/p>\t\t\t\t\t\t\t\t<\/div>\n\t\t\t\t<\/div>\n\t\t\t\t\t<\/div>\n\t\t<\/div>\n\t\t\t\t\t<\/div>\n\t\t<\/section>\n\t\t\t\t<section class=\"elementor-section elementor-top-section elementor-element elementor-element-aa357ca elementor-section-boxed elementor-section-height-default elementor-section-height-default\" data-id=\"aa357ca\" data-element_type=\"section\">\n\t\t\t\t\t\t<div class=\"elementor-container elementor-column-gap-default\">\n\t\t\t\t\t<div class=\"elementor-column elementor-col-100 elementor-top-column elementor-element elementor-element-f100d83\" data-id=\"f100d83\" data-element_type=\"column\">\n\t\t\t<div class=\"elementor-widget-wrap\">\n\t\t\t\t\t\t\t<\/div>\n\t\t<\/div>\n\t\t\t\t\t<\/div>\n\t\t<\/section>\n\t\t\t\t<section class=\"elementor-section elementor-top-section elementor-element elementor-element-cfed380 elementor-section-content-middle elementor-section-boxed elementor-section-height-default elementor-section-height-default\" data-id=\"cfed380\" data-element_type=\"section\" data-settings=\"{&quot;background_background&quot;:&quot;classic&quot;}\">\n\t\t\t\t\t\t<div class=\"elementor-container elementor-column-gap-default\">\n\t\t\t\t\t<div class=\"elementor-column elementor-col-50 elementor-top-column elementor-element elementor-element-d8fac92\" data-id=\"d8fac92\" data-element_type=\"column\">\n\t\t\t<div class=\"elementor-widget-wrap elementor-element-populated\">\n\t\t\t\t\t\t<div class=\"elementor-element elementor-element-ea4173f elementor-widget elementor-widget-heading\" data-id=\"ea4173f\" data-element_type=\"widget\" data-widget_type=\"heading.default\">\n\t\t\t\t<div class=\"elementor-widget-container\">\n\t\t\t\t\t<h2 class=\"elementor-heading-title elementor-size-default\">My\u015blisz o ciekawym projekcie? <br>Zr\u00f3bmy go razem!!!<\/h2>\t\t\t\t<\/div>\n\t\t\t\t<\/div>\n\t\t\t\t\t<\/div>\n\t\t<\/div>\n\t\t\t\t<div class=\"elementor-column elementor-col-50 elementor-top-column elementor-element elementor-element-7aa5769\" data-id=\"7aa5769\" data-element_type=\"column\">\n\t\t\t<div class=\"elementor-widget-wrap elementor-element-populated\">\n\t\t\t\t\t\t<div class=\"elementor-element elementor-element-9c6e3e1 elementor-align-right elementor-mobile-align-center elementor-widget elementor-widget-button\" data-id=\"9c6e3e1\" data-element_type=\"widget\" data-widget_type=\"button.default\">\n\t\t\t\t<div class=\"elementor-widget-container\">\n\t\t\t\t\t\t\t\t\t<div class=\"elementor-button-wrapper\">\n\t\t\t\t\t<a class=\"elementor-button elementor-button-link elementor-size-sm\" href=\"https:\/\/advastratech.pl\/index.php\/contact\/\">\n\t\t\t\t\t\t<span class=\"elementor-button-content-wrapper\">\n\t\t\t\t\t\t\t\t\t<span class=\"elementor-button-text\">Kontakt<\/span>\n\t\t\t\t\t<\/span>\n\t\t\t\t\t<\/a>\n\t\t\t\t<\/div>\n\t\t\t\t\t\t\t\t<\/div>\n\t\t\t\t<\/div>\n\t\t\t\t\t<\/div>\n\t\t<\/div>\n\t\t\t\t\t<\/div>\n\t\t<\/section>\n\t\t\t\t<\/div>\n\t\t","protected":false},"excerpt":{"rendered":"<p>O mnie Poznajmy si\u0119 \ud83d\ude09 Nazywam si\u0119 Krzysztof Nowakowski. Jestem menad\u017cerem z wieloletnim do\u015bwiadczeniem w zarz\u0105dzaniu biznesem w sektorze edukacji oraz wdra\u017caniu [&hellip;]<\/p>\n","protected":false},"author":1,"featured_media":0,"parent":0,"menu_order":0,"comment_status":"closed","ping_status":"closed","template":"page-templates\/page_front-page.php","meta":{"footnotes":""},"class_list":["post-401","page","type-page","status-publish","hentry"],"_links":{"self":[{"href":"https:\/\/advastratech.pl\/index.php\/wp-json\/wp\/v2\/pages\/401","targetHints":{"allow":["GET"]}}],"collection":[{"href":"https:\/\/advastratech.pl\/index.php\/wp-json\/wp\/v2\/pages"}],"about":[{"href":"https:\/\/advastratech.pl\/index.php\/wp-json\/wp\/v2\/types\/page"}],"author":[{"embeddable":true,"href":"https:\/\/advastratech.pl\/index.php\/wp-json\/wp\/v2\/users\/1"}],"replies":[{"embeddable":true,"href":"https:\/\/advastratech.pl\/index.php\/wp-json\/wp\/v2\/comments?post=401"}],"version-history":[{"count":13,"href":"https:\/\/advastratech.pl\/index.php\/wp-json\/wp\/v2\/pages\/401\/revisions"}],"predecessor-version":[{"id":806,"href":"https:\/\/advastratech.pl\/index.php\/wp-json\/wp\/v2\/pages\/401\/revisions\/806"}],"wp:attachment":[{"href":"https:\/\/advastratech.pl\/index.php\/wp-json\/wp\/v2\/media?parent=401"}],"curies":[{"name":"wp","href":"https:\/\/api.w.org\/{rel}","templated":true}]}}