{"id":807,"date":"2023-10-08T14:41:47","date_gmt":"2023-10-08T12:41:47","guid":{"rendered":"https:\/\/advastratech.pl\/?page_id=807"},"modified":"2023-10-08T16:20:53","modified_gmt":"2023-10-08T14:20:53","slug":"shooting-academy","status":"publish","type":"page","link":"https:\/\/advastratech.pl\/index.php\/shooting-academy\/","title":{"rendered":"Shooting Academy"},"content":{"rendered":"\t\t<div data-elementor-type=\"wp-page\" data-elementor-id=\"807\" class=\"elementor elementor-807\">\n\t\t\t\t\t\t<section class=\"elementor-section elementor-top-section elementor-element elementor-element-a9aff7a elementor-section-boxed elementor-section-height-default elementor-section-height-default\" data-id=\"a9aff7a\" data-element_type=\"section\">\n\t\t\t\t\t\t<div class=\"elementor-container elementor-column-gap-default\">\n\t\t\t\t\t<div class=\"elementor-column elementor-col-100 elementor-top-column elementor-element elementor-element-d9f48d7\" data-id=\"d9f48d7\" data-element_type=\"column\">\n\t\t\t<div class=\"elementor-widget-wrap elementor-element-populated\">\n\t\t\t\t\t\t<div class=\"elementor-element elementor-element-6854bdd elementor-widget elementor-widget-image\" data-id=\"6854bdd\" data-element_type=\"widget\" data-widget_type=\"image.default\">\n\t\t\t\t<div class=\"elementor-widget-container\">\n\t\t\t\t\t\t\t\t\t\t\t\t\t\t\t<img fetchpriority=\"high\" decoding=\"async\" width=\"400\" height=\"200\" src=\"https:\/\/advastratech.pl\/wp-content\/uploads\/2023\/10\/Kopia-ADVASTRAT-Shoot-250\u00d7200-px.png\" class=\"attachment-large size-large wp-image-861\" alt=\"\" srcset=\"https:\/\/advastratech.pl\/wp-content\/uploads\/2023\/10\/Kopia-ADVASTRAT-Shoot-250\u00d7200-px.png 400w, https:\/\/advastratech.pl\/wp-content\/uploads\/2023\/10\/Kopia-ADVASTRAT-Shoot-250\u00d7200-px-300x150.png 300w, https:\/\/advastratech.pl\/wp-content\/uploads\/2023\/10\/Kopia-ADVASTRAT-Shoot-250\u00d7200-px-230x115.png 230w, https:\/\/advastratech.pl\/wp-content\/uploads\/2023\/10\/Kopia-ADVASTRAT-Shoot-250\u00d7200-px-350x175.png 350w\" sizes=\"(max-width: 400px) 100vw, 400px\" \/>\t\t\t\t\t\t\t\t\t\t\t\t\t\t\t<\/div>\n\t\t\t\t<\/div>\n\t\t\t\t<div class=\"elementor-element elementor-element-89eb5a8 elementor-widget elementor-widget-text-editor\" data-id=\"89eb5a8\" data-element_type=\"widget\" data-widget_type=\"text-editor.default\">\n\t\t\t\t<div class=\"elementor-widget-container\">\n\t\t\t\t\t\t\t\t\t<p>Jedn\u0105 z moich pasji realizowanych w wolnym czasie jest strzelectwo sportowe i kolekcjonerstwo broni.\u00a0<\/p><p>Opr\u00f3cz start\u00f3w w zawodach i wystaw zajmuj\u0119 si\u0119 te\u017c szkoleniem strzelc\u00f3w. Jestem instruktorem strzelectwa sportowego (w tym dynamicznego) i bojowego.\u00a0<\/p>\t\t\t\t\t\t\t\t<\/div>\n\t\t\t\t<\/div>\n\t\t\t\t\t<\/div>\n\t\t<\/div>\n\t\t\t\t\t<\/div>\n\t\t<\/section>\n\t\t\t\t<section class=\"elementor-section elementor-top-section elementor-element elementor-element-609de79 elementor-section-boxed elementor-section-height-default elementor-section-height-default\" data-id=\"609de79\" data-element_type=\"section\">\n\t\t\t\t\t\t<div class=\"elementor-container elementor-column-gap-default\">\n\t\t\t\t\t<div class=\"elementor-column elementor-col-100 elementor-top-column elementor-element elementor-element-f0bc2d2\" data-id=\"f0bc2d2\" data-element_type=\"column\">\n\t\t\t<div class=\"elementor-widget-wrap elementor-element-populated\">\n\t\t\t\t\t\t<section class=\"elementor-section elementor-inner-section elementor-element elementor-element-44c547c elementor-section-boxed elementor-section-height-default elementor-section-height-default\" data-id=\"44c547c\" data-element_type=\"section\">\n\t\t\t\t\t\t<div class=\"elementor-container elementor-column-gap-default\">\n\t\t\t\t\t<div class=\"elementor-column elementor-col-50 elementor-inner-column elementor-element elementor-element-af4d8d7\" data-id=\"af4d8d7\" data-element_type=\"column\">\n\t\t\t<div class=\"elementor-widget-wrap elementor-element-populated\">\n\t\t\t\t\t\t<div class=\"elementor-element elementor-element-5eb415b elementor-widget elementor-widget-image\" data-id=\"5eb415b\" data-element_type=\"widget\" data-widget_type=\"image.default\">\n\t\t\t\t<div class=\"elementor-widget-container\">\n\t\t\t\t\t\t\t\t\t\t\t\t\t\t\t<img decoding=\"async\" width=\"300\" height=\"196\" src=\"https:\/\/advastratech.pl\/wp-content\/uploads\/2023\/10\/kn4-300x196.jpg\" class=\"attachment-medium size-medium wp-image-811\" alt=\"\" srcset=\"https:\/\/advastratech.pl\/wp-content\/uploads\/2023\/10\/kn4-300x196.jpg 300w, https:\/\/advastratech.pl\/wp-content\/uploads\/2023\/10\/kn4-1024x669.jpg 1024w, https:\/\/advastratech.pl\/wp-content\/uploads\/2023\/10\/kn4-768x501.jpg 768w, https:\/\/advastratech.pl\/wp-content\/uploads\/2023\/10\/kn4-1000x653.jpg 1000w, https:\/\/advastratech.pl\/wp-content\/uploads\/2023\/10\/kn4-230x150.jpg 230w, https:\/\/advastratech.pl\/wp-content\/uploads\/2023\/10\/kn4-350x229.jpg 350w, https:\/\/advastratech.pl\/wp-content\/uploads\/2023\/10\/kn4-480x313.jpg 480w, https:\/\/advastratech.pl\/wp-content\/uploads\/2023\/10\/kn4.jpg 1478w\" sizes=\"(max-width: 300px) 100vw, 300px\" \/>\t\t\t\t\t\t\t\t\t\t\t\t\t\t\t<\/div>\n\t\t\t\t<\/div>\n\t\t\t\t\t<\/div>\n\t\t<\/div>\n\t\t\t\t<div class=\"elementor-column elementor-col-50 elementor-inner-column elementor-element elementor-element-d9a1fbb\" data-id=\"d9a1fbb\" data-element_type=\"column\">\n\t\t\t<div class=\"elementor-widget-wrap elementor-element-populated\">\n\t\t\t\t\t\t<div class=\"elementor-element elementor-element-add16f8 elementor-widget elementor-widget-text-editor\" data-id=\"add16f8\" data-element_type=\"widget\" data-widget_type=\"text-editor.default\">\n\t\t\t\t<div class=\"elementor-widget-container\">\n\t\t\t\t\t\t\t\t\t<p>Swoj\u0105 pasj\u0105 staram si\u0119 dzieli\u0107 z moimi przyjaci\u00f3\u0142mi i znajomymi. Opr\u00f3cz start\u00f3w w zawodach udzielam si\u0119 tak\u017ce jako s\u0119dzia.\u00a0<\/p><p>Dla mnie od wynik\u00f3w wa\u017cniejsze s\u0105 wsp\u00f3lne trening i mo\u017cliwo\u015b\u0107 dzielenia si\u0119 swoj\u0105 pasj\u0105. Cho\u0107 na swoim koncie mam te\u017c tytu\u0142 Vice Mistrza Polski ;).<\/p>\t\t\t\t\t\t\t\t<\/div>\n\t\t\t\t<\/div>\n\t\t\t\t\t<\/div>\n\t\t<\/div>\n\t\t\t\t\t<\/div>\n\t\t<\/section>\n\t\t\t\t\t<\/div>\n\t\t<\/div>\n\t\t\t\t\t<\/div>\n\t\t<\/section>\n\t\t\t\t<section class=\"elementor-section elementor-top-section elementor-element elementor-element-2e4429f elementor-section-boxed elementor-section-height-default elementor-section-height-default\" data-id=\"2e4429f\" data-element_type=\"section\">\n\t\t\t\t\t\t<div class=\"elementor-container elementor-column-gap-default\">\n\t\t\t\t\t<div class=\"elementor-column elementor-col-100 elementor-top-column elementor-element elementor-element-5aa2c1b\" data-id=\"5aa2c1b\" data-element_type=\"column\">\n\t\t\t<div class=\"elementor-widget-wrap elementor-element-populated\">\n\t\t\t\t\t\t<div class=\"elementor-element elementor-element-e539650 elementor-widget elementor-widget-spacer\" data-id=\"e539650\" data-element_type=\"widget\" data-widget_type=\"spacer.default\">\n\t\t\t\t<div class=\"elementor-widget-container\">\n\t\t\t\t\t\t\t<div class=\"elementor-spacer\">\n\t\t\t<div class=\"elementor-spacer-inner\"><\/div>\n\t\t<\/div>\n\t\t\t\t\t\t<\/div>\n\t\t\t\t<\/div>\n\t\t\t\t\t<\/div>\n\t\t<\/div>\n\t\t\t\t\t<\/div>\n\t\t<\/section>\n\t\t\t\t<section class=\"elementor-section elementor-top-section elementor-element elementor-element-c86c7e2 elementor-section-stretched elementor-section-boxed elementor-section-height-default elementor-section-height-default\" data-id=\"c86c7e2\" data-element_type=\"section\" data-settings=\"{&quot;stretch_section&quot;:&quot;section-stretched&quot;}\">\n\t\t\t\t\t\t\t<div class=\"elementor-background-overlay\"><\/div>\n\t\t\t\t\t\t\t<div class=\"elementor-container elementor-column-gap-default\">\n\t\t\t\t\t<div class=\"elementor-column elementor-col-100 elementor-top-column elementor-element elementor-element-85510d5\" data-id=\"85510d5\" data-element_type=\"column\">\n\t\t\t<div class=\"elementor-widget-wrap elementor-element-populated\">\n\t\t\t\t\t\t<div class=\"elementor-element elementor-element-f7aa52b elementor-widget__width-initial elementor-widget elementor-widget-heading\" data-id=\"f7aa52b\" data-element_type=\"widget\" data-widget_type=\"heading.default\">\n\t\t\t\t<div class=\"elementor-widget-container\">\n\t\t\t\t\t<h4 class=\"elementor-heading-title elementor-size-default\">Je\u015bli chcesz rozpocz\u0105\u0107 swoj\u0105 przygod\u0119 ze strzelectwem i broni\u0105 to zapraszam do kontaktu.<\/h4>\t\t\t\t<\/div>\n\t\t\t\t<\/div>\n\t\t\t\t\t<\/div>\n\t\t<\/div>\n\t\t\t\t\t<\/div>\n\t\t<\/section>\n\t\t\t\t<section class=\"elementor-section elementor-top-section elementor-element elementor-element-6936520 elementor-section-stretched elementor-section-boxed elementor-section-height-default elementor-section-height-default\" data-id=\"6936520\" data-element_type=\"section\" data-settings=\"{&quot;stretch_section&quot;:&quot;section-stretched&quot;,&quot;background_background&quot;:&quot;classic&quot;}\">\n\t\t\t\t\t\t<div class=\"elementor-container elementor-column-gap-default\">\n\t\t\t\t\t<div class=\"elementor-column elementor-col-100 elementor-top-column elementor-element elementor-element-d52f623\" data-id=\"d52f623\" data-element_type=\"column\">\n\t\t\t<div class=\"elementor-widget-wrap elementor-element-populated\">\n\t\t\t\t\t\t<div class=\"elementor-element elementor-element-daa1dda elementor-widget elementor-widget-text-editor\" data-id=\"daa1dda\" data-element_type=\"widget\" data-widget_type=\"text-editor.default\">\n\t\t\t\t<div class=\"elementor-widget-container\">\n\t\t\t\t\t\t\t\t\t<p>W ramach wsp\u00f3\u0142pracy mog\u0119 zaoferowa\u0107:<\/p><p>&#8211; szkolenie strzeleckie dla Twojej organizacji,\u00a0<\/p><p>&#8211; integracj\u0119 ze strzelaniem na strzelnicy dla Twojego zespo\u0142u,<\/p><p>&#8211; wystaw\u0119 broni broni i amunicji podczas Twojego wydarzenia.\u00a0 \u00a0<\/p>\t\t\t\t\t\t\t\t<\/div>\n\t\t\t\t<\/div>\n\t\t\t\t\t<\/div>\n\t\t<\/div>\n\t\t\t\t\t<\/div>\n\t\t<\/section>\n\t\t\t\t<section class=\"elementor-section elementor-top-section elementor-element elementor-element-76088c8 elementor-section-stretched elementor-section-boxed elementor-section-height-default elementor-section-height-default\" data-id=\"76088c8\" data-element_type=\"section\" data-settings=\"{&quot;stretch_section&quot;:&quot;section-stretched&quot;}\">\n\t\t\t\t\t\t\t<div class=\"elementor-background-overlay\"><\/div>\n\t\t\t\t\t\t\t<div class=\"elementor-container elementor-column-gap-default\">\n\t\t\t\t\t<div class=\"elementor-column elementor-col-100 elementor-top-column elementor-element elementor-element-c6c2263\" data-id=\"c6c2263\" data-element_type=\"column\">\n\t\t\t<div class=\"elementor-widget-wrap elementor-element-populated\">\n\t\t\t\t\t\t<div class=\"elementor-element elementor-element-a70a0f5 elementor-widget elementor-widget-heading\" data-id=\"a70a0f5\" data-element_type=\"widget\" data-widget_type=\"heading.default\">\n\t\t\t\t<div class=\"elementor-widget-container\">\n\t\t\t\t\t<h4 class=\"elementor-heading-title elementor-size-default\">Je\u015bli chcesz zorganizowa\u0107 szkolenie strzeleckie w swojej organizacji, imprez\u0119 integracyjn\u0105 na strzelnicy, zawody strzeleckie zapraszam do kontaktu.<\/h4>\t\t\t\t<\/div>\n\t\t\t\t<\/div>\n\t\t\t\t\t<\/div>\n\t\t<\/div>\n\t\t\t\t\t<\/div>\n\t\t<\/section>\n\t\t\t\t<section class=\"elementor-section elementor-top-section elementor-element elementor-element-c6119d1 elementor-section-stretched elementor-section-boxed elementor-section-height-default elementor-section-height-default\" data-id=\"c6119d1\" data-element_type=\"section\" data-settings=\"{&quot;stretch_section&quot;:&quot;section-stretched&quot;}\">\n\t\t\t\t\t\t\t<div class=\"elementor-background-overlay\"><\/div>\n\t\t\t\t\t\t\t<div class=\"elementor-container elementor-column-gap-default\">\n\t\t\t\t\t<div class=\"elementor-column elementor-col-100 elementor-top-column elementor-element elementor-element-bab99b8\" data-id=\"bab99b8\" data-element_type=\"column\">\n\t\t\t<div class=\"elementor-widget-wrap elementor-element-populated\">\n\t\t\t\t\t\t<div class=\"elementor-element elementor-element-1095ebf elementor-widget elementor-widget-text-editor\" data-id=\"1095ebf\" data-element_type=\"widget\" data-widget_type=\"text-editor.default\">\n\t\t\t\t<div class=\"elementor-widget-container\">\n\t\t\t\t\t\t\t\t\t<p>W ramach wsp\u00f3\u0142pracy indywidulanej mog\u0119 zaoferowa\u0107:<\/p><p>&#8211; przygotowanie do egzaminu na patent strzelecki,\u00a0<\/p><p>&#8211; trening strzelecki,\u00a0<\/p><p>&#8211; pomoc w procedurach uzyskania pozwolenia na bro\u0144 paln\u0105 do cel\u00f3w sportowych i kolekcjonerskich<\/p>\t\t\t\t\t\t\t\t<\/div>\n\t\t\t\t<\/div>\n\t\t\t\t\t<\/div>\n\t\t<\/div>\n\t\t\t\t\t<\/div>\n\t\t<\/section>\n\t\t\t\t<section class=\"elementor-section elementor-top-section elementor-element elementor-element-5525f8a elementor-section-boxed elementor-section-height-default elementor-section-height-default\" data-id=\"5525f8a\" data-element_type=\"section\">\n\t\t\t\t\t\t<div class=\"elementor-container elementor-column-gap-default\">\n\t\t\t\t\t<div class=\"elementor-column elementor-col-100 elementor-top-column elementor-element elementor-element-2969754\" data-id=\"2969754\" data-element_type=\"column\">\n\t\t\t<div class=\"elementor-widget-wrap elementor-element-populated\">\n\t\t\t\t\t\t<div class=\"elementor-element elementor-element-26670f0 elementor-widget elementor-widget-heading\" data-id=\"26670f0\" data-element_type=\"widget\" data-widget_type=\"heading.default\">\n\t\t\t\t<div class=\"elementor-widget-container\">\n\t\t\t\t\t<h4 class=\"elementor-heading-title elementor-size-default\">Zrealizowane wydarzenia - zapraszam wkr\u00f3tce ....<\/h4>\t\t\t\t<\/div>\n\t\t\t\t<\/div>\n\t\t\t\t\t<\/div>\n\t\t<\/div>\n\t\t\t\t\t<\/div>\n\t\t<\/section>\n\t\t\t\t<section class=\"elementor-section elementor-top-section elementor-element elementor-element-35c19b3 elementor-section-boxed elementor-section-height-default elementor-section-height-default\" data-id=\"35c19b3\" data-element_type=\"section\">\n\t\t\t\t\t\t<div class=\"elementor-container elementor-column-gap-default\">\n\t\t\t\t\t<div class=\"elementor-column elementor-col-100 elementor-top-column elementor-element elementor-element-523cfe8\" data-id=\"523cfe8\" data-element_type=\"column\">\n\t\t\t<div class=\"elementor-widget-wrap elementor-element-populated\">\n\t\t\t\t\t\t<section class=\"elementor-section elementor-inner-section elementor-element elementor-element-63294f3 elementor-section-boxed elementor-section-height-default elementor-section-height-default\" data-id=\"63294f3\" data-element_type=\"section\">\n\t\t\t\t\t\t<div class=\"elementor-container elementor-column-gap-default\">\n\t\t\t\t\t<div class=\"elementor-column elementor-col-50 elementor-inner-column elementor-element elementor-element-637e455\" data-id=\"637e455\" data-element_type=\"column\">\n\t\t\t<div class=\"elementor-widget-wrap elementor-element-populated\">\n\t\t\t\t\t\t<div class=\"elementor-element elementor-element-2beb30b elementor-widget elementor-widget-image\" data-id=\"2beb30b\" data-element_type=\"widget\" data-widget_type=\"image.default\">\n\t\t\t\t<div class=\"elementor-widget-container\">\n\t\t\t\t\t\t\t\t\t\t\t\t\t\t\t<img decoding=\"async\" src=\"https:\/\/advastratech.pl\/wp-content\/plugins\/elementor\/assets\/images\/placeholder.png\" title=\"\" alt=\"\" loading=\"lazy\" \/>\t\t\t\t\t\t\t\t\t\t\t\t\t\t\t<\/div>\n\t\t\t\t<\/div>\n\t\t\t\t\t<\/div>\n\t\t<\/div>\n\t\t\t\t<div class=\"elementor-column elementor-col-50 elementor-inner-column elementor-element elementor-element-80ce562\" data-id=\"80ce562\" data-element_type=\"column\">\n\t\t\t<div class=\"elementor-widget-wrap\">\n\t\t\t\t\t\t\t<\/div>\n\t\t<\/div>\n\t\t\t\t\t<\/div>\n\t\t<\/section>\n\t\t\t\t\t<\/div>\n\t\t<\/div>\n\t\t\t\t\t<\/div>\n\t\t<\/section>\n\t\t\t\t<section class=\"elementor-section elementor-top-section elementor-element elementor-element-0267c86 elementor-section-stretched elementor-section-boxed elementor-section-height-default elementor-section-height-default\" data-id=\"0267c86\" data-element_type=\"section\" data-settings=\"{&quot;stretch_section&quot;:&quot;section-stretched&quot;}\">\n\t\t\t\t\t\t\t<div class=\"elementor-background-overlay\"><\/div>\n\t\t\t\t\t\t\t<div class=\"elementor-container elementor-column-gap-default\">\n\t\t\t\t\t<div class=\"elementor-column elementor-col-100 elementor-top-column elementor-element elementor-element-3cac01e\" data-id=\"3cac01e\" data-element_type=\"column\">\n\t\t\t<div class=\"elementor-widget-wrap elementor-element-populated\">\n\t\t\t\t\t\t<div class=\"elementor-element elementor-element-e511409 elementor-align-center elementor-widget elementor-widget-button\" data-id=\"e511409\" data-element_type=\"widget\" data-widget_type=\"button.default\">\n\t\t\t\t<div class=\"elementor-widget-container\">\n\t\t\t\t\t\t\t\t\t<div class=\"elementor-button-wrapper\">\n\t\t\t\t\t<a class=\"elementor-button elementor-button-link elementor-size-md\" href=\"https:\/\/advastratech.pl\/index.php\/contact\/\">\n\t\t\t\t\t\t<span class=\"elementor-button-content-wrapper\">\n\t\t\t\t\t\t\t\t\t<span class=\"elementor-button-text\">KONTAKT<\/span>\n\t\t\t\t\t<\/span>\n\t\t\t\t\t<\/a>\n\t\t\t\t<\/div>\n\t\t\t\t\t\t\t\t<\/div>\n\t\t\t\t<\/div>\n\t\t\t\t\t<\/div>\n\t\t<\/div>\n\t\t\t\t\t<\/div>\n\t\t<\/section>\n\t\t\t\t<section class=\"elementor-section elementor-top-section elementor-element elementor-element-8410623 elementor-section-boxed elementor-section-height-default elementor-section-height-default\" data-id=\"8410623\" data-element_type=\"section\">\n\t\t\t\t\t\t<div class=\"elementor-container elementor-column-gap-default\">\n\t\t\t\t\t<div class=\"elementor-column elementor-col-100 elementor-top-column elementor-element elementor-element-f5cf4a9\" data-id=\"f5cf4a9\" data-element_type=\"column\">\n\t\t\t<div class=\"elementor-widget-wrap\">\n\t\t\t\t\t\t\t<\/div>\n\t\t<\/div>\n\t\t\t\t\t<\/div>\n\t\t<\/section>\n\t\t\t\t<\/div>\n\t\t","protected":false},"excerpt":{"rendered":"<p>Jedn\u0105 z moich pasji realizowanych w wolnym czasie jest strzelectwo sportowe i kolekcjonerstwo broni.\u00a0 Opr\u00f3cz start\u00f3w w zawodach i wystaw zajmuj\u0119 si\u0119 [&hellip;]<\/p>\n","protected":false},"author":1,"featured_media":0,"parent":0,"menu_order":0,"comment_status":"closed","ping_status":"closed","template":"","meta":{"footnotes":""},"class_list":["post-807","page","type-page","status-publish","hentry"],"_links":{"self":[{"href":"https:\/\/advastratech.pl\/index.php\/wp-json\/wp\/v2\/pages\/807","targetHints":{"allow":["GET"]}}],"collection":[{"href":"https:\/\/advastratech.pl\/index.php\/wp-json\/wp\/v2\/pages"}],"about":[{"href":"https:\/\/advastratech.pl\/index.php\/wp-json\/wp\/v2\/types\/page"}],"author":[{"embeddable":true,"href":"https:\/\/advastratech.pl\/index.php\/wp-json\/wp\/v2\/users\/1"}],"replies":[{"embeddable":true,"href":"https:\/\/advastratech.pl\/index.php\/wp-json\/wp\/v2\/comments?post=807"}],"version-history":[{"count":37,"href":"https:\/\/advastratech.pl\/index.php\/wp-json\/wp\/v2\/pages\/807\/revisions"}],"predecessor-version":[{"id":864,"href":"https:\/\/advastratech.pl\/index.php\/wp-json\/wp\/v2\/pages\/807\/revisions\/864"}],"wp:attachment":[{"href":"https:\/\/advastratech.pl\/index.php\/wp-json\/wp\/v2\/media?parent=807"}],"curies":[{"name":"wp","href":"https:\/\/api.w.org\/{rel}","templated":true}]}}